{"id":841,"date":"2020-03-04T10:59:21","date_gmt":"2020-03-04T10:59:21","guid":{"rendered":"https:\/\/www.cyberevent.be\/?page_id=841"},"modified":"2020-03-04T11:05:38","modified_gmt":"2020-03-04T11:05:38","slug":"tevredenheidsonderzoek","status":"publish","type":"page","link":"https:\/\/www.cyberevent.be\/nl\/tevredenheidsonderzoek\/","title":{"rendered":"Tevredenheidsonderzoek"},"content":{"rendered":"<p>[vc_row full_width=&#8221;stretch_row_content&#8221; full_height=&#8221;yes&#8221; content_placement=&#8221;middle&#8221; bg_type=&#8221;image&#8221; enable_overlay=&#8221;enable_overlay_value&#8221; overlay_color=&#8221;rgba(0,17,62,0.88)&#8221; css=&#8221;.vc_custom_1583317901587{background-image: url(https:\/\/www.cyberevent.be\/wp-content\/uploads\/2019\/11\/25199237_m.jpg?id=228) !important;}&#8221;][vc_column width=&#8221;1\/3&#8243;][\/vc_column][vc_column width=&#8221;1\/3&#8243;]<div id=\"ultimate-heading-59566a040394d0369\" class=\"uvc-heading ult-adjust-bottom-margin ultimate-heading-59566a040394d0369 uvc-6948 \" data-hspacer=\"line_with_icon\" data-hline_width=\"250\" data-hicon_type=\"selector\" data-hborder_style=\"solid\" data-hborder_height=\"3\" data-hborder_color=\"#d32f2f\" data-icon_width=\"14\" data-hfixer=\"15\"  data-halign=\"center\" style=\"text-align:center\"><div class=\"uvc-main-heading ult-responsive\"  data-ultimate-target='.uvc-heading.ultimate-heading-59566a040394d0369 h2'  data-responsive-json-new='{\"font-size\":\"desktop:50px;mobile_landscape:30px;\",\"line-height\":\"desktop:60px;mobile_landscape:40px;\"}' ><h2 style=\"font-weight:bold;color:#ffffff;margin-bottom:15px;\">Tevredenheidsonderzoek<\/h2><\/div><div class=\"uvc-heading-spacer line_with_icon\" style=\"topheight:14px;\"><div class=\"ult-just-icon-wrapper  \"><div class=\"align-icon\" style=\"text-align:center;\">\n<div class=\"aio-icon none \"  style=\"color:#d32f2f;font-size:14px;display:inline-block;\">\n\t<i class=\"fas fa-pen-alt\"><\/i>\n<\/div><\/div><\/div><\/div><\/div>[vc_empty_space height=&#8221;35px&#8221;]\n<div class=\"wpcf7 no-js\" id=\"wpcf7-f840-o1\" lang=\"fr-FR\" dir=\"ltr\" data-wpcf7-id=\"840\">\n<div class=\"screen-reader-response\"><p role=\"status\" aria-live=\"polite\" aria-atomic=\"true\"><\/p> <ul><\/ul><\/div>\n<form action=\"\/nl\/wp-json\/wp\/v2\/pages\/841#wpcf7-f840-o1\" method=\"post\" class=\"wpcf7-form init\" aria-label=\"Formulaire de contact\" novalidate=\"novalidate\" data-status=\"init\">\n<fieldset class=\"hidden-fields-container\"><input type=\"hidden\" name=\"_wpcf7\" value=\"840\" \/><input type=\"hidden\" name=\"_wpcf7_version\" value=\"6.1.4\" \/><input type=\"hidden\" name=\"_wpcf7_locale\" value=\"fr_FR\" \/><input type=\"hidden\" name=\"_wpcf7_unit_tag\" value=\"wpcf7-f840-o1\" \/><input type=\"hidden\" name=\"_wpcf7_container_post\" value=\"0\" \/><input type=\"hidden\" name=\"_wpcf7_posted_data_hash\" value=\"\" \/>\n<\/fieldset>\n<p><b>1. Werden uw verwachtingen tijdens het event ingelost?<\/b>\n<\/p>\n<p><span class=\"wpcf7-form-control-wrap\" data-name=\"satisfaction\"><span class=\"wpcf7-form-control wpcf7-radio\"><span class=\"wpcf7-list-item first\"><label><input type=\"radio\" name=\"satisfaction\" value=\"Ja, volledig\" checked=\"checked\" \/><span class=\"wpcf7-list-item-label\">Ja, volledig<\/span><\/label><\/span><span class=\"wpcf7-list-item\"><label><input type=\"radio\" name=\"satisfaction\" value=\"Gedeeltelijk\" \/><span class=\"wpcf7-list-item-label\">Gedeeltelijk<\/span><\/label><\/span><span class=\"wpcf7-list-item last\"><label><input type=\"radio\" name=\"satisfaction\" value=\"Nee, helemaal niet\" \/><span class=\"wpcf7-list-item-label\">Nee, helemaal niet<\/span><\/label><\/span><\/span><\/span>\n<\/p>\n<p><b>2. Heeft u suggesties om de volgende editie te verbeteren?<\/b>\n<\/p>\n<p><span class=\"wpcf7-form-control-wrap\" data-name=\"remarks\"><textarea cols=\"40\" rows=\"10\" maxlength=\"2000\" class=\"wpcf7-form-control wpcf7-textarea\" aria-invalid=\"false\" name=\"remarks\"><\/textarea><\/span>\n<\/p>\n<p><b>3. Bent u ge\u00efnteresseerd in een vrijblijvend bezoek van \u00e9\u00e9n van onze specialisten om uw IT toestand te evalueren en voorstellen te formuleren ter verbetering van uw beveiliging?<\/b>\n<\/p>\n<p><span class=\"wpcf7-form-control-wrap\" data-name=\"visit\"><span class=\"wpcf7-form-control wpcf7-radio\"><span class=\"wpcf7-list-item first\"><label><input type=\"radio\" name=\"visit\" value=\"Nee\" \/><span class=\"wpcf7-list-item-label\">Nee<\/span><\/label><\/span><span class=\"wpcf7-list-item last\"><label><input type=\"radio\" name=\"visit\" value=\"Ja (gelieve uw naam en voornaam in te vullen)\" checked=\"checked\" \/><span class=\"wpcf7-list-item-label\">Ja (gelieve uw naam en voornaam in te vullen)<\/span><\/label><\/span><\/span><\/span>\n<\/p>\n<p><span class=\"wpcf7-form-control-wrap\" data-name=\"customer\"><input size=\"40\" maxlength=\"400\" class=\"wpcf7-form-control wpcf7-text\" aria-invalid=\"false\" placeholder=\"Naam &amp; Voornaam\" value=\"\" type=\"text\" name=\"customer\" \/><\/span>\n<\/p>\n<p><input class=\"wpcf7-form-control wpcf7-submit has-spinner\" type=\"submit\" value=\"Verzenden\" \/>\n<\/p><input type='hidden' class='wpcf7-pum' value='{\"closepopup\":false,\"closedelay\":0,\"openpopup\":false,\"openpopup_id\":0}' \/><div class=\"wpcf7-response-output\" aria-hidden=\"true\"><\/div>\n<\/form>\n<\/div>\n[\/vc_column][vc_column width=&#8221;1\/3&#8243;][\/vc_column][\/vc_row]<\/p>\n","protected":false},"excerpt":{"rendered":"<p>[vc_row full_width=&#8221;stretch_row_content&#8221; full_height=&#8221;yes&#8221; content_placement=&#8221;middle&#8221; bg_type=&#8221;image&#8221; enable_overlay=&#8221;enable_overlay_value&#8221; overlay_color=&#8221;rgba(0,17,62,0.88)&#8221; css=&#8221;.vc_custom_1583317901587{background-image: url(https:\/\/www.cyberevent.be\/wp-content\/uploads\/2019\/11\/25199237_m.jpg?id=228) !important;}&#8221;][vc_column width=&#8221;1\/3&#8243;][\/vc_column][vc_column width=&#8221;1\/3&#8243;][vc_empty_space height=&#8221;35px&#8221;][\/vc_column][vc_column width=&#8221;1\/3&#8243;][\/vc_column][\/vc_row]<\/p>\n","protected":false},"author":1,"featured_media":0,"parent":0,"menu_order":0,"comment_status":"closed","ping_status":"closed","template":"","meta":[],"class_list":["post-841","page","type-page","status-publish","hentry","description-off"],"_links":{"self":[{"href":"https:\/\/www.cyberevent.be\/nl\/wp-json\/wp\/v2\/pages\/841","targetHints":{"allow":["GET"]}}],"collection":[{"href":"https:\/\/www.cyberevent.be\/nl\/wp-json\/wp\/v2\/pages"}],"about":[{"href":"https:\/\/www.cyberevent.be\/nl\/wp-json\/wp\/v2\/types\/page"}],"author":[{"embeddable":true,"href":"https:\/\/www.cyberevent.be\/nl\/wp-json\/wp\/v2\/users\/1"}],"replies":[{"embeddable":true,"href":"https:\/\/www.cyberevent.be\/nl\/wp-json\/wp\/v2\/comments?post=841"}],"version-history":[{"count":3,"href":"https:\/\/www.cyberevent.be\/nl\/wp-json\/wp\/v2\/pages\/841\/revisions"}],"predecessor-version":[{"id":844,"href":"https:\/\/www.cyberevent.be\/nl\/wp-json\/wp\/v2\/pages\/841\/revisions\/844"}],"wp:attachment":[{"href":"https:\/\/www.cyberevent.be\/nl\/wp-json\/wp\/v2\/media?parent=841"}],"curies":[{"name":"wp","href":"https:\/\/api.w.org\/{rel}","templated":true}]}}